{"id":25,"date":"2014-06-05T16:44:22","date_gmt":"2014-06-05T14:44:22","guid":{"rendered":"http:\/\/www.on-my-wall.pl\/malgorzata_jankowska\/?page_id=25"},"modified":"2014-11-18T15:03:19","modified_gmt":"2014-11-18T14:03:19","slug":"prawa-autorskie","status":"publish","type":"page","link":"https:\/\/www.on-my-wall.pl\/malgorzata_jankowska\/prawa-autorskie\/","title":{"rendered":"Prawa autorskie"},"content":{"rendered":"<p>Copyright \u00a9 <strong>Ma\u0142gorzata Jankowska<\/strong>.<strong> Wszelkie prawa zastrze\u017cone.<\/strong><\/p>\n<p>\u017badne informacje i pliki (zw\u0142aszcza wizerunki prac) publikowane na\u00a0stronach galerii\u00a0www.On-My-Wall.pl\/<strong>malgorzata_jankowska<\/strong>\/<br \/>\nnie mog\u0105 by\u0107 kopiowane, duplikowane, reprodukowane w \u017cadnej formie, bez zgody <strong>Imi\u0119 i Nazwisko<\/strong>\u00a0udzielonej na pi\u015bmie.<\/p>\n","protected":false},"excerpt":{"rendered":"<p>Copyright \u00a9 Ma\u0142gorzata Jankowska. Wszelkie prawa zastrze\u017cone. \u017badne informacje i pliki (zw\u0142aszcza wizerunki prac) publikowane na\u00a0stronach galerii\u00a0www.On-My-Wall.pl\/malgorzata_jankowska\/ nie mog\u0105 by\u0107 kopiowane, duplikowane, reprodukowane w \u017cadnej formie, bez zgody Imi\u0119 i&#8230;<\/p>\n","protected":false},"author":4,"featured_media":0,"parent":0,"menu_order":0,"comment_status":"open","ping_status":"open","template":"","meta":{"footnotes":""},"class_list":["post-25","page","type-page","status-publish"],"aioseo_notices":[],"publishpress_future_action":{"enabled":false,"date":"2026-04-21 19:53:17","action":"change-status","newStatus":"draft","terms":[],"taxonomy":""},"publishpress_future_workflow_manual_trigger":{"enabledWorkflows":[]},"_links":{"self":[{"href":"https:\/\/www.on-my-wall.pl\/malgorzata_jankowska\/wp-json\/wp\/v2\/pages\/25","targetHints":{"allow":["GET"]}}],"collection":[{"href":"https:\/\/www.on-my-wall.pl\/malgorzata_jankowska\/wp-json\/wp\/v2\/pages"}],"about":[{"href":"https:\/\/www.on-my-wall.pl\/malgorzata_jankowska\/wp-json\/wp\/v2\/types\/page"}],"author":[{"embeddable":true,"href":"https:\/\/www.on-my-wall.pl\/malgorzata_jankowska\/wp-json\/wp\/v2\/users\/4"}],"replies":[{"embeddable":true,"href":"https:\/\/www.on-my-wall.pl\/malgorzata_jankowska\/wp-json\/wp\/v2\/comments?post=25"}],"version-history":[{"count":2,"href":"https:\/\/www.on-my-wall.pl\/malgorzata_jankowska\/wp-json\/wp\/v2\/pages\/25\/revisions"}],"predecessor-version":[{"id":255,"href":"https:\/\/www.on-my-wall.pl\/malgorzata_jankowska\/wp-json\/wp\/v2\/pages\/25\/revisions\/255"}],"wp:attachment":[{"href":"https:\/\/www.on-my-wall.pl\/malgorzata_jankowska\/wp-json\/wp\/v2\/media?parent=25"}],"curies":[{"name":"wp","href":"https:\/\/api.w.org\/{rel}","templated":true}]}}