{"id":14,"date":"2014-06-05T16:12:27","date_gmt":"2014-06-05T14:12:27","guid":{"rendered":"http:\/\/www.on-my-wall.pl\/malgorzata_jankowska\/?page_id=14"},"modified":"2014-10-29T11:55:41","modified_gmt":"2014-10-29T10:55:41","slug":"o-galerii-i-artyscie","status":"publish","type":"page","link":"https:\/\/www.on-my-wall.pl\/malgorzata_jankowska\/o-galerii-i-artyscie\/","title":{"rendered":"O galerii i arty\u015bcie"},"content":{"rendered":"[vc_row][vc_column width=&#8221;1\/4&#8243;][vc_row_inner][vc_column_inner width=&#8221;1\/1&#8243;][image_with_animation image_url=&#8221;241&#8243; animation=&#8221;Fade In&#8221; img_link_target=&#8221;_self&#8221; delay=&#8221;175&#8243;][\/vc_column_inner][\/vc_row_inner][vc_column_text]\n<p style=\"color: #000000;\"><span class=\"null\">Uko\u0144czy\u0142a Aktywne Studium Plastyczne Technik Teatralno-Filmowych na Wydziale Charakteryzacji oraz <span class=\"null\">Liceum Profilowane Rzemios\u0142 Artystycznych i U\u017cytkowych w Metalu.<\/span><br \/>\n<\/span><\/p>\n<p style=\"color: #000000;\"><span class=\"null\">Ilustratorka kilku ksi\u0105\u017cek<\/span> i czasopism.<\/p>\n<p style=\"color: #000000;\">Laureatka:<\/p>\n<p style=\"color: #000000;\"><span class=\"null\">Konkursu plastycznego, wie\u0144cz\u0105cego program edukacyjny &#8222;Wilan\u00f3w Znany-Nieznajomy&#8221; w 2001 roku (II-gie miejsce).<\/span><\/p>\n<p style=\"color: #000000;\"><span class=\"null\"><span class=\"null\">III-cie miejsce w wojew\u00f3dzkim III Turnieju Jednego Wiersza w 2005 roku.<\/span><\/span><\/p>\n<p style=\"color: #000000;\">Zbiorowe wystawy w Domu Kultury &#8222;Muran\u00f3w&#8221; w\u00a0 2002 i 2003 roku.<\/p>\n<p style=\"color: #000000;\">Indywidualna wystawa Domu Kultury &#8222;Muran\u00f3w&#8221; w\u00a0 2003 roku.<\/p>\n<p style=\"color: #000000;\"><span class=\"null\">W 2009 roku jej prace wisia\u0142y w bibliotece publicznej w Aninie oraz w galerii w Otwocku.<\/span><\/p>\n<p style=\"color: #000000;\"><span class=\"null\">W 2012 wystawa pod tytu\u0142em &#8222;&#8230;budz\u0105 si\u0119 upiory&#8221; w Klubie Kultury Anin.<\/span><\/p>\n[\/vc_column_text][\/vc_column][vc_column width=&#8221;3\/4&#8243;][vc_column_text]<span class=\"null\">Kim jestem? Ot\u00f3\u017c&#8230; Urodzon\u0105 w Warszawie w 1987 roku studentk\u0105. Niekt\u00f3rzy twierdz\u0105, \u017ce wieczn\u0105, ale to dlatego, \u017ce lubi\u0119 szko\u0142\u0119, a obecnie jestem na Wydziale Sztuki Nowych Medi\u00f3w w Polsko-Japo\u0144skiej Wy\u017cszej Szkole Technik Komputerowych. Wcze\u015bniej sko\u0144czy\u0142am Aktywne Studium Plastyczne Technik Teatralno-Filmowych na Wydziale Charakteryzacji, dzi\u0119ki czemu mia\u0142am praktyki w programie telewizyjnym &#8222;Gwiezdny Cyrk&#8221;, a p\u00f3\u017aniej pracowa\u0142am jako charakteryzator w Teatrze Narodowym w Warszawie. <\/span><\/p>\n<p><span class=\"null\">A wcze\u015bniejsza edukacja? Tak, te\u017c by\u0142a zwi\u0105zana z plastyk\u0105. Liceum Profilowane Rzemios\u0142 Artystycznych i U\u017cytkowych w Metalu, a wcze\u015bniej klasa humanistyczna w gimnazjum, gdzie mia\u0142am okazj\u0119 uczestniczy\u0107 w programie edukacyjnym &#8222;Wilan\u00f3w Znany-Nieznajomy&#8221;, dzi\u0119ki kt\u00f3remu m\u00f3j rysunek smoka wisia\u0142 po konkursie w galerii pa\u0142acu (zdoby\u0142 wyr\u00f3\u017cnienie).<\/span><\/p>\n<p><span class=\"null\"> Inne nagrody? By\u0142y. W 2002 moje opowiadanie &#8222;Ch\u0142opiec&#8221; zosta\u0142o wydrukowane w almanachu po dzielnicowym konkursie literackim &#8222;Magia S\u0142owa&#8221;, gdzie zdoby\u0142o wyr\u00f3\u017cnienie, a w 2005 roku w podobnym almanachu pokonkursowym ukaza\u0142 si\u0119 m\u00f3j wiersz &#8222;\u015amier\u0107 Poety&#8221; (trzecie miejsce w wojew\u00f3dzkim III Turnieju Jednego Wiersza). Zdoby\u0142am te\u017c nagrod\u0119 specjaln\u0105 w Dzielnicowym Konkursie Piosenki w 2002 roku, a wcze\u015bniej kilka nagr\u00f3d w pomniejszych konkursach plastycznych i literackich. <\/span><\/p>\n<p><span class=\"null\">P\u00f3\u017aniej zaj\u0119\u0142am si\u0119 ilustrowaniem ksi\u0105\u017cek, mi\u0119dzy innymi antologii poetyckiej &#8222;Miasto&#8221; Joanny &#8222;Oxyvii&#8221; Jankowskiej, Barbary Szafra\u0144skiej i Joanny Iwanickiej, ksi\u0105\u017cki &#8222;Poszukiwacz Luster&#8221; Joanny &#8222;Oxyvii&#8221; Jankowskiej czy &#8222;Mi\u0119dzy prawem a sprawiedliwo\u015bci\u0105&#8221; Paw\u0142a Pollaka, oraz antologii opowiada\u0144 kryminalnych &#8222;Ci\u0119\u017car decyzji &#8211; gliniarskie opowiadania&#8221;. Publikowa\u0142am r\u00f3wnie\u017c kr\u00f3tkie opowiadania, wiersze i ilustracje w czasopismach takich, jak &#8222;W\u0142asnym G\u0142osem&#8221; czy &#8222;Notatnik Satyryczny&#8221;, a w mi\u0119dzyczasie recenzje kilku film\u00f3w i seriali oraz opowiadania na portalu efantastyka. <\/span><\/p>\n<p><span class=\"null\">Artysta powinien mie\u0107 r\u00f3wnie\u017c jakie\u015b wystawy, prawda? Tak, tych te\u017c by\u0142o kilka. Najpierw by\u0142y to wsp\u00f3lne wystawy uczestnik\u00f3w zaj\u0119\u0107 plastycznych w Domu Kultury &#8222;Muran\u00f3w&#8221; w 2002 i 2003 roku, a pod koniec 2003 roku &#8211; r\u00f3wnie\u017c indywidualna wystawa tam\u017ce. W 2009 roku moje prace wisia\u0142y w bibliotece publicznej w Aninie, p\u00f3\u017aniej, w tym samym roku &#8211; w galerii w Otwocku. W 2012 roku mia\u0142a miejsce wystawa pod tytu\u0142em &#8222;&#8230;budz\u0105 si\u0119 upiory&#8221; w Klubie Kultury Anin. <\/span><\/p>\n<p><span class=\"null\">Obecnie zajmuj\u0119 si\u0119 grafik\u0105 komputerow\u0105 &#8211; amatorsko i mniej amatorsko. Dla przyjemno\u015bci cz\u0119sto tworz\u0119 mi\u0119dzy innymi grafik\u0119 na fora PBF RPG &#8211; te gry to jedna z moich pasji. Poza tym, fascynuj\u0119 si\u0119 teatrem i chcia\u0142abym tam kiedy\u015b jeszcze pracowa\u0107, by\u0107 mo\u017ce jako re\u017cyser, cho\u0107 to jest jedynie w fazie marze\u0144 &#8211; przynajmniej p\u00f3ki co. Lubi\u0119 r\u00f3wnie\u017c \u017ceglowa\u0107 po jeziorach i interesuj\u0119 si\u0119 \u017caglowcami i modelarstwem okr\u0119towym; nale\u017ca\u0142am kiedy\u015b do bractwa rycerskiego Zakon Czarnego Smoka, gdzie ta\u0144czy\u0142am tradycyjne ta\u0144ce celtyckie; uwielbiam \u015bpiewa\u0107 (na karaoke i do przys\u0142owiowego prysznica; ludzie m\u00f3wili mi czasem, \u017ce najbardziej nadaj\u0119 si\u0119 do \u015bpiewania piosenek z takich musicali, jak &#8222;Taniec Wampir\u00f3w&#8221; czy &#8222;Upi\u00f3r w Operze&#8221;), interesuj\u0119 si\u0119 psychologi\u0105 i bardzo chcia\u0142abym mie\u0107 mo\u017cliwo\u015b\u0107, \u017ceby jeszcze kiedy\u015b je\u017adzi\u0107 konno. Najlepiej ze swoim \u0142ukiem.<\/span>[\/vc_column_text][\/vc_column][\/vc_row]\n","protected":false},"excerpt":{"rendered":"<p>[vc_row][vc_column width=&#8221;1\/4&#8243;][vc_row_inner][vc_column_inner width=&#8221;1\/1&#8243;][image_with_animation image_url=&#8221;241&#8243; animation=&#8221;Fade In&#8221; img_link_target=&#8221;_self&#8221; delay=&#8221;175&#8243;][\/vc_column_inner][\/vc_row_inner][vc_column_text] Uko\u0144czy\u0142a Aktywne Studium Plastyczne Technik Teatralno-Filmowych na Wydziale Charakteryzacji oraz Liceum Profilowane Rzemios\u0142 Artystycznych i U\u017cytkowych w Metalu. Ilustratorka kilku ksi\u0105\u017cek i&#8230;<\/p>\n","protected":false},"author":4,"featured_media":0,"parent":0,"menu_order":0,"comment_status":"open","ping_status":"open","template":"","meta":{"footnotes":""},"class_list":["post-14","page","type-page","status-publish"],"aioseo_notices":[],"publishpress_future_action":{"enabled":false,"date":"2026-04-27 00:49:15","action":"change-status","newStatus":"draft","terms":[],"taxonomy":""},"publishpress_future_workflow_manual_trigger":{"enabledWorkflows":[]},"_links":{"self":[{"href":"https:\/\/www.on-my-wall.pl\/malgorzata_jankowska\/wp-json\/wp\/v2\/pages\/14","targetHints":{"allow":["GET"]}}],"collection":[{"href":"https:\/\/www.on-my-wall.pl\/malgorzata_jankowska\/wp-json\/wp\/v2\/pages"}],"about":[{"href":"https:\/\/www.on-my-wall.pl\/malgorzata_jankowska\/wp-json\/wp\/v2\/types\/page"}],"author":[{"embeddable":true,"href":"https:\/\/www.on-my-wall.pl\/malgorzata_jankowska\/wp-json\/wp\/v2\/users\/4"}],"replies":[{"embeddable":true,"href":"https:\/\/www.on-my-wall.pl\/malgorzata_jankowska\/wp-json\/wp\/v2\/comments?post=14"}],"version-history":[{"count":2,"href":"https:\/\/www.on-my-wall.pl\/malgorzata_jankowska\/wp-json\/wp\/v2\/pages\/14\/revisions"}],"predecessor-version":[{"id":244,"href":"https:\/\/www.on-my-wall.pl\/malgorzata_jankowska\/wp-json\/wp\/v2\/pages\/14\/revisions\/244"}],"wp:attachment":[{"href":"https:\/\/www.on-my-wall.pl\/malgorzata_jankowska\/wp-json\/wp\/v2\/media?parent=14"}],"curies":[{"name":"wp","href":"https:\/\/api.w.org\/{rel}","templated":true}]}}