{"id":21,"date":"2014-06-05T16:20:33","date_gmt":"2014-06-05T14:20:33","guid":{"rendered":"http:\/\/www.on-my-wall.pl\/ewa_karpinska\/?page_id=21"},"modified":"2014-10-29T15:45:05","modified_gmt":"2014-10-29T14:45:05","slug":"bezpieczenstwo-transakcji","status":"publish","type":"page","link":"https:\/\/www.on-my-wall.pl\/ewa_karpinska\/bezpieczenstwo-transakcji\/","title":{"rendered":"Polityka Prywatno\u015bci"},"content":{"rendered":"<p><strong>POLITYKA PRYWATNO\u015aCI<\/strong><\/p>\n<ol>\n<li>Postanowienia og\u00f3lne<\/li>\n<li>Pliki &#8222;<em>Cookies<\/em>&#8222;<\/li>\n<li>Cel i zakres zbierania danych<\/li>\n<li>Podstawa przetwarzania danych<\/li>\n<li>Prawo kontroli, dost\u0119pu do tre\u015bci swoich danych oraz ich poprawiania<\/li>\n<li>Postanowienia ko\u0144cowe<\/li>\n<\/ol>\n<p><strong>I. POSTANOWIENIA OG\u00d3LNE<\/strong><\/p>\n<ol>\n<li>Administratorem danych osobowych zbieranych za po\u015brednictwem Sklepu internetowego <strong>www.on-my-wall.pl\/ewa_karpinska\/<\/strong>jest\u00a0<strong>PRYZMAT Katarzyna i Wojciech Puza Sp\u00f3\u0142ka jawna<\/strong>\u00a0z siedzib\u0105 w Warszawie, ul. Jana Ostroroga 18c, Warszawa 01-163,\u00a0<strong>NIP<\/strong>: 8481000123,\u00a0<strong>REGON<\/strong>: 016090427, adres poczty elektronicznej:\u00a0<strong><a href=\"mailto:pryzmat@pryzmat.com.pl\">pryzmat@pryzmat.com.pl<\/a>\u00a0<\/strong>zwana dalej Administratorem i b\u0119d\u0105ca jednocze\u015bnie Us\u0142ugodawc\u0105.<\/li>\n<li>Dane osobowe Us\u0142ugobiorcy s\u0105 przetwarzane zgodnie z ustaw\u0105 o ochronie danych osobowych z dnia 29 sierpnia 1997 r. (Dz. U. Nr 133, poz. 883 ze zm.) oraz ustaw\u0105 o \u015bwiadczeniu us\u0142ug drog\u0105 elektroniczn\u0105 z dnia 18 lipca 2002 r. (Dz. U. Nr 144, poz. 1204 ze zm.).<\/li>\n<li>Administrator dok\u0142ada szczeg\u00f3lnej staranno\u015bci w celu ochrony interes\u00f3w os\u00f3b, kt\u00f3rych dane dotycz\u0105, a w szczeg\u00f3lno\u015bci zapewnia, \u017ce zbierane przez niego dane s\u0105 przetwarzane zgodnie z prawem; zbierane dla oznaczonych, zgodnych z prawem cel\u00f3w i niepoddawane dalszemu przetwarzaniu niezgodnemu z tymi celami; merytorycznie poprawne i adekwatne w stosunku do cel\u00f3w, w jakich s\u0105 przetwarzane oraz przechowywane w postaci umo\u017cliwiaj\u0105cej identyfikacj\u0119 os\u00f3b, kt\u00f3rych dotycz\u0105, nie d\u0142u\u017cej ni\u017c jest to niezb\u0119dne do osi\u0105gni\u0119cia celu przetwarzania.<\/li>\n<li>Wszelkie wyrazy lub wyra\u017cenia pisane w tre\u015bci niniejszej Polityki prywatno\u015bci z du\u017cej litery nale\u017cy rozumie\u0107 zgodnie z ich definicj\u0105 zawart\u0105 w Regulaminie Sklepu.<\/li>\n<\/ol>\n<p><strong>II. PLIKI\u00a0<em>&#8222;COOKIES&#8221;<\/em><\/strong><\/p>\n<ol>\n<li>Sklep Us\u0142ugodawcy\u00a0u\u017cywa plik\u00f3w\u00a0\u201e<em>cookies\u201d<\/em>. Brak zmiany po stronie Us\u0142ugobiorcy (Klienta) ustawie\u0144 przegl\u0105darki jest<em>r\u00f3wnoznaczny z wyra\u017ceniem zgody na ich u\u017cycie<\/em><em>.<\/em><\/li>\n<li>Instalacja plik\u00f3w \u201e<em>cookies<\/em>\u201d jest konieczna do prawid\u0142owego \u015bwiadczenia us\u0142ug w Sklepie. W plikach \u201e<em>cookies<\/em>&#8221; znajduj\u0105 si\u0119 informacje niezb\u0119dne do prawid\u0142owego funkcjonowania Sklepu, w szczeg\u00f3lno\u015bci tych wymagaj\u0105cych autoryzacji.<\/li>\n<\/ol>\n<p><strong>III. CEL I ZAKRES ZBIERANIA DANYCH<\/strong><\/p>\n<ol>\n<li>Dane osobowe Us\u0142ugobiorc\u00f3w, zbierane przez Administratora, s\u0105 wykorzystywane do cel\u00f3w ksi\u0119gowych, cel\u00f3w marketingowych, kontaktowania si\u0119 z Klientem oraz innych czynno\u015bci zwi\u0105zanych z wykonywaniem Umowy Sprzeda\u017cy.<\/li>\n<li>Administrator przetwarza nast\u0119puj\u0105ce dane osobowe Us\u0142ugobiorc\u00f3w:<\/li>\n<\/ol>\n<ul>\n<li>Imi\u0119 i nazwisko, nazwa firmy,<\/li>\n<li>Adres (ulica i numer domu\/mieszkania, kod pocztowy, miasto),<\/li>\n<li>Numer telefonu,<\/li>\n<li>Numer NIP,<\/li>\n<li>Adres e-mail.<\/li>\n<\/ul>\n<ol start=\"3\">\n<li>Podanie danych osobowych, o kt\u00f3rych mowa w ust. 2 jest niezb\u0119dne do \u015bwiadczenia przez Us\u0142ugodawc\u0119 us\u0142ug drog\u0105 elektroniczn\u0105 w ramach Sklepu lub zawarcia Umowy Sprzeda\u017cy Produktu.<\/li>\n<\/ol>\n<p><strong>IV. PODSTAWA PRZETWARZANIA DANYCH<\/strong><\/p>\n<ol>\n<li>Korzystanie ze Sklepu, zawieranie um\u00f3w o \u015bwiadczenie us\u0142ug drog\u0105 elektroniczn\u0105 za po\u015brednictwem Sklepu lub zawieranie Um\u00f3w Sprzeda\u017cy Produkt\u00f3w, z czym wi\u0105\u017ce si\u0119 konieczno\u015b\u0107 podania danych osobowych, jest ca\u0142kowicie dobrowolne. Osoba, kt\u00f3rej dane dotycz\u0105 samodzielnie decyduje, czy chce rozpocz\u0105\u0107 korzystanie z us\u0142ug \u015bwiadczonych drog\u0105 elektroniczn\u0105 przez Us\u0142ugodawc\u0119 lub zawrze\u0107 Umow\u0119 Sprzeda\u017cy Produktu zgodnie z Regulaminem Sklepu.<\/li>\n<li>Zgodnie z art. 23 ustawy o ochronie danych osobowych z dnia 29 sierpnia 1997 r. (Dz. U. Nr 133, poz. 883 ze zm.) przetwarzanie danych jest dopuszczalne m.in. gdy:<\/li>\n<\/ol>\n<p>a)\u00a0\u00a0\u00a0 osoba, kt\u00f3rej dane dotycz\u0105, wyrazi na to zgod\u0119, chyba \u017ce chodzi o usuni\u0119cie dotycz\u0105cych jej danych.<\/p>\n<p>b)\u00a0\u00a0\u00a0 jest to konieczne do realizacji umowy, gdy osoba, kt\u00f3rej dane dotycz\u0105, jest jej stron\u0105 lub gdy jest to niezb\u0119dne do podj\u0119cia dzia\u0142a\u0144 przed zawarciem umowy na \u017c\u0105danie osoby, kt\u00f3rej dane dotycz\u0105.<\/p>\n<ol start=\"3\">\n<li>Przetwarzanie danych osobowych przez Administratora odbywa si\u0119 zawsze w ramach podstaw dopuszczalno\u015bci ich przetwarzania wymienionych w ust. 2. Przetwarzanie danych b\u0119dzie mia\u0142o zwi\u0105zek z realizacj\u0105 umowy lub konieczno\u015bci podj\u0119cia dzia\u0142a\u0144 przed zawarciem umowy na \u017c\u0105danie osoby, kt\u00f3rej dane dotycz\u0105 (ust. 2 pkt. b). Dodatkowo przed zawarciem um\u00f3w o \u015bwiadczenie us\u0142ug drog\u0105 elektroniczn\u0105 dost\u0119pnych za po\u015brednictwem Sklepu przysz\u0142y Us\u0142ugobiorca jest informowany o konieczno\u015bci akceptacji Regulaminu.<\/li>\n<\/ol>\n<p><strong>V. PRAWO KONTROLI, DOST\u0118PU DO TRE\u015aCI SWOICH DANYCH ORAZ ICH POPRAWIANIA<\/strong><\/p>\n<ol>\n<li>Us\u0142ugobiorca ma prawo dost\u0119pu do tre\u015bci swoich danych osobowych oraz ich poprawiania.<\/li>\n<li>Ka\u017cdej osobie przys\u0142uguje prawo do kontroli przetwarzania danych, kt\u00f3re jej dotycz\u0105, zawartych w zbiorze danych Administratora, a zw\u0142aszcza prawo do \u017c\u0105dania uzupe\u0142nienia, uaktualnienia, sprostowania danych osobowych, czasowego lub sta\u0142ego wstrzymania ich przetwarzania lub ich usuni\u0119cia, je\u017celi s\u0105 one niekompletne, nieaktualne, nieprawdziwe lub zosta\u0142y zebrane z naruszeniem ustawy albo s\u0105 ju\u017c zb\u0119dne do realizacji celu, dla kt\u00f3rego zosta\u0142y zebrane.<\/li>\n<li>W celu realizacji uprawnie\u0144, o kt\u00f3rych mowa w ust. 1 i 2 mo\u017cna korzysta\u0107 poprzez przes\u0142anie stosownej wiadomo\u015bci e-mail na adres:\u00a0<a href=\"mailto:kontakt@on-my-wall.pl\"><strong>kontakt@on-my-wall.pl<\/strong><\/a><strong>.<\/strong><\/li>\n<\/ol>\n<p><strong>VI. POSTANOWIENIA KO\u0143COWE<\/strong><\/p>\n<ol>\n<li>Administrator stosuje \u015brodki techniczne i organizacyjne zapewniaj\u0105ce ochron\u0119 przetwarzanych danych osobowych odpowiedni\u0105 do zagro\u017ce\u0144 oraz kategorii danych obj\u0119tych ochron\u0105, a w szczeg\u00f3lno\u015bci zabezpiecza dane przed ich udost\u0119pnieniem osobom nieupowa\u017cnionym, zabraniem przez osob\u0119 nieuprawnion\u0105, przetwarzaniem z naruszeniem obowi\u0105zuj\u0105cych przepis\u00f3w oraz zmian\u0105, utrat\u0105, uszkodzeniem lub zniszczeniem.<\/li>\n<li>Us\u0142ugodawca udost\u0119pnia \u015brodki techniczne zapobiegaj\u0105ce pozyskiwaniu i modyfikowaniu przez osoby nieuprawnione, danych osobowych przesy\u0142anych drog\u0105 elektroniczn\u0105.<\/li>\n<li>W sprawach nieuregulowanych niniejszym Polityk\u0105 prywatno\u015bci stosuje si\u0119 odpowiednio postanowienia Regulaminu Sklepu oraz inne w\u0142a\u015bciwe przepisy prawa polskiego.<\/li>\n<\/ol>\n","protected":false},"excerpt":{"rendered":"<p>POLITYKA PRYWATNO\u015aCI Postanowienia og\u00f3lne Pliki &#8222;Cookies&#8222; Cel i zakres zbierania danych Podstawa przetwarzania danych Prawo kontroli, dost\u0119pu do tre\u015bci swoich danych oraz ich poprawiania Postanowienia ko\u0144cowe I. POSTANOWIENIA OG\u00d3LNE Administratorem&#8230;<\/p>\n","protected":false},"author":4,"featured_media":0,"parent":0,"menu_order":0,"comment_status":"open","ping_status":"open","template":"","meta":{"footnotes":""},"class_list":["post-21","page","type-page","status-publish"],"aioseo_notices":[],"publishpress_future_action":{"enabled":false,"date":"2026-05-24 04:06:41","action":"change-status","newStatus":"draft","terms":[],"taxonomy":""},"publishpress_future_workflow_manual_trigger":{"enabledWorkflows":[]},"_links":{"self":[{"href":"https:\/\/www.on-my-wall.pl\/ewa_karpinska\/wp-json\/wp\/v2\/pages\/21","targetHints":{"allow":["GET"]}}],"collection":[{"href":"https:\/\/www.on-my-wall.pl\/ewa_karpinska\/wp-json\/wp\/v2\/pages"}],"about":[{"href":"https:\/\/www.on-my-wall.pl\/ewa_karpinska\/wp-json\/wp\/v2\/types\/page"}],"author":[{"embeddable":true,"href":"https:\/\/www.on-my-wall.pl\/ewa_karpinska\/wp-json\/wp\/v2\/users\/4"}],"replies":[{"embeddable":true,"href":"https:\/\/www.on-my-wall.pl\/ewa_karpinska\/wp-json\/wp\/v2\/comments?post=21"}],"version-history":[{"count":1,"href":"https:\/\/www.on-my-wall.pl\/ewa_karpinska\/wp-json\/wp\/v2\/pages\/21\/revisions"}],"predecessor-version":[{"id":210,"href":"https:\/\/www.on-my-wall.pl\/ewa_karpinska\/wp-json\/wp\/v2\/pages\/21\/revisions\/210"}],"wp:attachment":[{"href":"https:\/\/www.on-my-wall.pl\/ewa_karpinska\/wp-json\/wp\/v2\/media?parent=21"}],"curies":[{"name":"wp","href":"https:\/\/api.w.org\/{rel}","templated":true}]}}